{"id":17,"date":"2019-05-27T23:12:15","date_gmt":"2019-05-27T21:12:15","guid":{"rendered":"http:\/\/www.pankajyoga.be\/?page_id=17"},"modified":"2019-06-01T16:13:50","modified_gmt":"2019-06-01T14:13:50","slug":"que-signifie-pankaj","status":"publish","type":"page","link":"https:\/\/www.pankajyoga.be\/index.php\/que-signifie-pankaj\/","title":{"rendered":"Que signifie Pankaj ?"},"content":{"rendered":"\n<blockquote class=\"wp-block-quote is-layout-flow wp-block-quote-is-layout-flow\"><p><strong><em>Comme le lotus qui se fraie un chemin dans l&rsquo;eau boueuse pour arriver \u00e0 la lumi\u00e8re, l&rsquo;homme doit s&rsquo;\u00e9lever malgr\u00e9 les \u00e9preuves et se placer au dessus des remous du mental.<\/em><\/strong> <\/p><cite>Sagesse Indoue<\/cite><\/blockquote>\n\n\n\n<p>Pankaj est un mot sanskrit qui d\u00e9signe la fleur de lotus.<br> Ce mot se d\u00e9compose en <\/p>\n\n\n\n<ul class=\"wp-block-list\"><li> <em>Pank&#8230;<\/em> qui signifie <em>\u00ab\u00a0boue\u00a0\u00bb<\/em><\/li><li> <em>&#8230;aj<\/em> &#8211; qui signifie <em>\u00ab\u00a0issu de\u00a0\u00bb <\/em><\/li><\/ul>\n\n\n\n<p>En effet la fleur de lotus \u00e9merge de la boue et repr\u00e9sente cette capacit\u00e9 de produire une chose merveilleuse tout en provenant d&rsquo;un milieu trouble.<\/p>\n\n\n\n<figure class=\"wp-block-image\"><img loading=\"lazy\" decoding=\"async\" width=\"511\" height=\"315\" src=\"http:\/\/www.pankajyoga.be\/wp-content\/uploads\/2019\/06\/boue-lotus.png\" alt=\"\" class=\"wp-image-31\" srcset=\"https:\/\/www.pankajyoga.be\/wp-content\/uploads\/2019\/06\/boue-lotus.png 511w, https:\/\/www.pankajyoga.be\/wp-content\/uploads\/2019\/06\/boue-lotus-300x185.png 300w\" sizes=\"auto, (max-width: 511px) 100vw, 511px\" \/><figcaption>Pas de boue, pas de lotus<\/figcaption><\/figure>\n\n\n\n<p>A l&rsquo;image du lotus, il est m\u00eame admit que ce sont les \u00e9preuves de la vie qui nous permettent de nous \u00e9lever.<\/p>\n","protected":false},"excerpt":{"rendered":"<p>Comme le lotus qui se fraie un chemin dans l&rsquo;eau boueuse pour arriver \u00e0 la lumi\u00e8re, l&rsquo;homme doit s&rsquo;\u00e9lever malgr\u00e9 les \u00e9preuves et se placer au dessus des remous du mental. Sagesse Indoue Pankaj est un mot sanskrit qui d\u00e9signe la fleur de lotus. Ce mot se d\u00e9compose en Pank&#8230; qui signifie \u00ab\u00a0boue\u00a0\u00bb &#8230;aj &#8211; &hellip; <\/p>\n<p class=\"link-more\"><a href=\"https:\/\/www.pankajyoga.be\/index.php\/que-signifie-pankaj\/\" class=\"more-link\">Continuer la lecture<span class=\"screen-reader-text\"> de &laquo;&nbsp;Que signifie Pankaj ?&nbsp;&raquo;<\/span><\/a><\/p>\n","protected":false},"author":1,"featured_media":0,"parent":0,"menu_order":0,"comment_status":"closed","ping_status":"closed","template":"","meta":{"footnotes":""},"class_list":["post-17","page","type-page","status-publish","hentry"],"_links":{"self":[{"href":"https:\/\/www.pankajyoga.be\/index.php\/wp-json\/wp\/v2\/pages\/17","targetHints":{"allow":["GET"]}}],"collection":[{"href":"https:\/\/www.pankajyoga.be\/index.php\/wp-json\/wp\/v2\/pages"}],"about":[{"href":"https:\/\/www.pankajyoga.be\/index.php\/wp-json\/wp\/v2\/types\/page"}],"author":[{"embeddable":true,"href":"https:\/\/www.pankajyoga.be\/index.php\/wp-json\/wp\/v2\/users\/1"}],"replies":[{"embeddable":true,"href":"https:\/\/www.pankajyoga.be\/index.php\/wp-json\/wp\/v2\/comments?post=17"}],"version-history":[{"count":8,"href":"https:\/\/www.pankajyoga.be\/index.php\/wp-json\/wp\/v2\/pages\/17\/revisions"}],"predecessor-version":[{"id":57,"href":"https:\/\/www.pankajyoga.be\/index.php\/wp-json\/wp\/v2\/pages\/17\/revisions\/57"}],"wp:attachment":[{"href":"https:\/\/www.pankajyoga.be\/index.php\/wp-json\/wp\/v2\/media?parent=17"}],"curies":[{"name":"wp","href":"https:\/\/api.w.org\/{rel}","templated":true}]}}