{"id":37,"date":"2019-06-01T15:07:37","date_gmt":"2019-06-01T13:07:37","guid":{"rendered":"http:\/\/www.pankajyoga.be\/?page_id=37"},"modified":"2019-06-01T16:28:25","modified_gmt":"2019-06-01T14:28:25","slug":"contact","status":"publish","type":"page","link":"https:\/\/www.pankajyoga.be\/index.php\/contact\/","title":{"rendered":"Contact"},"content":{"rendered":"\n<div class=\"wp-block-image\"><figure class=\"alignleft is-resized\"><img loading=\"lazy\" decoding=\"async\" src=\"http:\/\/www.pankajyoga.be\/wp-content\/uploads\/2019\/06\/logo.png\" alt=\"\" class=\"wp-image-38\" width=\"131\" height=\"104\" srcset=\"https:\/\/www.pankajyoga.be\/wp-content\/uploads\/2019\/06\/logo.png 540w, https:\/\/www.pankajyoga.be\/wp-content\/uploads\/2019\/06\/logo-300x238.png 300w\" sizes=\"auto, (max-width: 131px) 100vw, 131px\" \/><\/figure><\/div>\n\n\n\n<h2 class=\"wp-block-heading\">Pankaj Yoga<\/h2>\n\n\n\n<p>L&rsquo;harmonie gr\u00e2ce au Yoga<br><br><\/p>\n\n\n\n<div class=\"wp-block-image\"><figure class=\"alignleft is-resized\"><img loading=\"lazy\" decoding=\"async\" src=\"http:\/\/www.pankajyoga.be\/wp-content\/uploads\/2019\/06\/pascal.jpg\" alt=\"\" class=\"wp-image-40\" width=\"135\" height=\"112\" srcset=\"https:\/\/www.pankajyoga.be\/wp-content\/uploads\/2019\/06\/pascal.jpg 560w, https:\/\/www.pankajyoga.be\/wp-content\/uploads\/2019\/06\/pascal-300x249.jpg 300w\" sizes=\"auto, (max-width: 135px) 100vw, 135px\" \/><\/figure><\/div>\n\n\n\n<p>Pascal Baerten<br><br>pascal@pankajyoga.be<br>Mobile and WhatsApp: +32 488 423 705<br><br><\/p>\n\n\n\n<p>J&rsquo;ai re\u00e7u mon enseignement principalement en Inde dans les \u00e9coles suivantes:<br>Dharamsala <a href=\"https:\/\/www.mahipoweryoga.com\">https:\/\/www.mahipoweryoga.com<\/a><br>Mumbai <a href=\"https:\/\/theyogainstitute.org\">https:\/\/theyogainstitute.org<\/a><\/p>\n\n\n\n<p><\/p>\n\n\n\n<div class=\"wp-block-image\"><figure class=\"aligncenter is-resized\"><img loading=\"lazy\" decoding=\"async\" src=\"http:\/\/www.pankajyoga.be\/wp-content\/uploads\/2019\/06\/line-separator-green.png\" alt=\"\" class=\"wp-image-50\" width=\"734\" height=\"93\" srcset=\"https:\/\/www.pankajyoga.be\/wp-content\/uploads\/2019\/06\/line-separator-green.png 620w, https:\/\/www.pankajyoga.be\/wp-content\/uploads\/2019\/06\/line-separator-green-300x38.png 300w\" sizes=\"auto, (max-width: 734px) 100vw, 734px\" \/><\/figure><\/div>\n\n\n\n<h4 class=\"wp-block-heading\">Formulaire de contact<\/h4>\n\n\n<div class=\"wpforms-container wpforms-container-full wpforms-block\" id=\"wpforms-46\"><form id=\"wpforms-form-46\" class=\"wpforms-validate wpforms-form\" data-formid=\"46\" method=\"post\" enctype=\"multipart\/form-data\" action=\"\/index.php\/wp-json\/wp\/v2\/pages\/37\" data-token=\"ddd47fbeb5f1dec6ee27840f433ff551\" data-token-time=\"1775905768\"><noscript class=\"wpforms-error-noscript\">Veuillez activer JavaScript dans votre navigateur pour remplir ce formulaire.<\/noscript><div class=\"wpforms-field-container\"><div id=\"wpforms-46-field_0-container\" class=\"wpforms-field wpforms-field-name\" data-field-id=\"0\"><label class=\"wpforms-field-label\" for=\"wpforms-46-field_0\">Nom <span class=\"wpforms-required-label\">*<\/span><\/label><div class=\"wpforms-field-row wpforms-field-medium\"><div class=\"wpforms-field-row-block wpforms-first wpforms-one-half\"><input type=\"text\" id=\"wpforms-46-field_0\" class=\"wpforms-field-name-first wpforms-field-required\" name=\"wpforms[fields][0][first]\" required><label for=\"wpforms-46-field_0\" class=\"wpforms-field-sublabel after\">Pr\u00e9nom<\/label><\/div><div class=\"wpforms-field-row-block wpforms-one-half\"><input type=\"text\" id=\"wpforms-46-field_0-last\" class=\"wpforms-field-name-last wpforms-field-required\" name=\"wpforms[fields][0][last]\" required><label for=\"wpforms-46-field_0-last\" class=\"wpforms-field-sublabel after\">Nom<\/label><\/div><\/div><\/div><div id=\"wpforms-46-field_1-container\" class=\"wpforms-field wpforms-field-email\" data-field-id=\"1\"><label class=\"wpforms-field-label\" for=\"wpforms-46-field_1\">E-mail <span class=\"wpforms-required-label\">*<\/span><\/label><input type=\"email\" id=\"wpforms-46-field_1\" class=\"wpforms-field-medium wpforms-field-required\" name=\"wpforms[fields][1]\" spellcheck=\"false\" required><\/div><div id=\"wpforms-46-field_2-container\" class=\"wpforms-field wpforms-field-textarea\" data-field-id=\"2\"><label class=\"wpforms-field-label\" for=\"wpforms-46-field_2\">Commentaire ou message <span class=\"wpforms-required-label\">*<\/span><\/label><textarea id=\"wpforms-46-field_2\" class=\"wpforms-field-medium wpforms-field-required\" name=\"wpforms[fields][2]\" required><\/textarea><\/div><\/div><!-- .wpforms-field-container --><div class=\"wpforms-field wpforms-field-hp\"><label for=\"wpforms-46-field-hp\" class=\"wpforms-field-label\">Comment<\/label><input type=\"text\" name=\"wpforms[hp]\" id=\"wpforms-46-field-hp\" class=\"wpforms-field-medium\"><\/div><div class=\"wpforms-submit-container\" ><input type=\"hidden\" name=\"wpforms[id]\" value=\"46\"><input type=\"hidden\" name=\"page_title\" value=\"\"><input type=\"hidden\" name=\"page_url\" value=\"https:\/\/www.pankajyoga.be\/index.php\/wp-json\/wp\/v2\/pages\/37\"><button type=\"submit\" name=\"wpforms[submit]\" id=\"wpforms-submit-46\" class=\"wpforms-submit\" data-alt-text=\"Envoi...\" data-submit-text=\"Envoyer\" aria-live=\"assertive\" value=\"wpforms-submit\">Envoyer<\/button><\/div><\/form><\/div>  <!-- .wpforms-container -->","protected":false},"excerpt":{"rendered":"<p>Pankaj Yoga L&rsquo;harmonie gr\u00e2ce au Yoga Pascal Baerten pascal@pankajyoga.beMobile and WhatsApp: +32 488 423 705 J&rsquo;ai re\u00e7u mon enseignement principalement en Inde dans les \u00e9coles suivantes:Dharamsala https:\/\/www.mahipoweryoga.comMumbai https:\/\/theyogainstitute.org Formulaire de contact<\/p>\n","protected":false},"author":1,"featured_media":0,"parent":0,"menu_order":0,"comment_status":"closed","ping_status":"closed","template":"","meta":{"footnotes":""},"class_list":["post-37","page","type-page","status-publish","hentry"],"_links":{"self":[{"href":"https:\/\/www.pankajyoga.be\/index.php\/wp-json\/wp\/v2\/pages\/37","targetHints":{"allow":["GET"]}}],"collection":[{"href":"https:\/\/www.pankajyoga.be\/index.php\/wp-json\/wp\/v2\/pages"}],"about":[{"href":"https:\/\/www.pankajyoga.be\/index.php\/wp-json\/wp\/v2\/types\/page"}],"author":[{"embeddable":true,"href":"https:\/\/www.pankajyoga.be\/index.php\/wp-json\/wp\/v2\/users\/1"}],"replies":[{"embeddable":true,"href":"https:\/\/www.pankajyoga.be\/index.php\/wp-json\/wp\/v2\/comments?post=37"}],"version-history":[{"count":12,"href":"https:\/\/www.pankajyoga.be\/index.php\/wp-json\/wp\/v2\/pages\/37\/revisions"}],"predecessor-version":[{"id":61,"href":"https:\/\/www.pankajyoga.be\/index.php\/wp-json\/wp\/v2\/pages\/37\/revisions\/61"}],"wp:attachment":[{"href":"https:\/\/www.pankajyoga.be\/index.php\/wp-json\/wp\/v2\/media?parent=37"}],"curies":[{"name":"wp","href":"https:\/\/api.w.org\/{rel}","templated":true}]}}